{"id":4029,"date":"2018-06-08T15:16:33","date_gmt":"2018-06-08T15:16:33","guid":{"rendered":"https:\/\/giocareinsicurezza.com\/it\/store\/?post_type=product&#038;p=4029"},"modified":"2024-03-29T20:03:59","modified_gmt":"2024-03-29T20:03:59","slug":"pannello-di-protezione-antitrauma-atossico-tecnosoft","status":"publish","type":"product","link":"https:\/\/giocareinsicurezza.com\/it\/store\/prezzi-offerte\/pannello-di-protezione-antitrauma-atossico-tecnosoft\/","title":{"rendered":"Pannello di protezione antitrauma atossico TecnoSoft"},"content":{"rendered":"<h2>..PER ESTERNI applicabile a muri, muretti, cordoli, pilastri, colonne, tubi, paletti, pali, balaustre, recinzioni, parapetti.<\/h2>\n<blockquote><p><em><strong>Protezione avvolgente e morbida in gomma antitrauma<\/strong>\u00a0e <strong>atossica<\/strong> lunghezza 200cm (2 metri) X 100cm (1 metro), ideale per proteggere vari potenziali pericoli presenti nelle scuole, industrie, materne, impianti sportivi all&#8217;aperto o al chiuso<\/em>. <em>E&#8217; un pannello di rivestimento protettivo adatto quindi\u00a0 per vari ambienti: palestre, scuole, impianti sportivi, giardini; grazie alla sua estrema versatilit\u00e0 \u00e8 adattabile a qualsiasi tipo di supporto: protegge e avvolge le pi\u00f9 svariate superfici e sezioni.<\/em><\/p><\/blockquote>\n<p>Il prodotto <strong>a norma UNI EN 913<\/strong>\u00a0<strong>antitrauma\/antiurto<\/strong> presenta le seguenti caratteristiche:<\/p>\n<ul>\n<li><em>Notevole capacit\u00e0 di assorbire gli urti\/cadute accidentali<\/em><\/li>\n<li><em>Possibilit\u00e0 di essere applicato con una colla permanente (colla non inclusa nel prodotto)<\/em><\/li>\n<li><em>Possibilit\u00e0 di essere applicato con biadesivo forte (biadesivo non incluso nel prodotto)<\/em><\/li>\n<li><em>Stabile una volta posizionato e incollato anche in ambienti esterni con pioggia, neve, ghiaccio, sole<\/em><\/li>\n<li>Non si decolora all&#8217;esterno se di colore blu o verde<\/li>\n<\/ul>\n<h3>Descrizione dell&#8217;avvolgente\u00a0<strong>protezione <\/strong>antiurto e atossica<\/h3>\n<p>La struttura presenta una superficie rugosa al tatto, elevata capacita di assorbimento agli urti, ideale per attivit\u00e0 sportive in sicurezza. Gradevole effetto decorativo sia se utilizzato come protezione orizzontali che verticali od obliqua.\u00a0<strong>TECNOSOFT atossico<\/strong> \u00e8 composto da n\u00b0 <strong>42 componenti quadrati<\/strong> da mm 20&#215;20 collegati da un\u2019 anima spessa mm 3. L\u2019originale superficie goffrata rende invisibile qualsiasi imperfezione e <strong>la canula centrale longitudinale permette la perfetta consequenzialit\u00e0 in caso di affiancamento dei pannelli<\/strong> (per superfici murali consistenti) o l\u2019eccellente giuntura in caso di avvolgimento (per pali, torri faro, pilastri, colonne, corrimano, ecc.). Il tutto al fine di raggiungere un\u2019 ineguagliabile gradevolezza estetica ed insuperabile resistenza alla trazione. Facile da installare mediante l\u2019 apposito collante pennellabile a presa rapida, copre una superficie di 2 mq a pannello (cm 100&#215;200).<\/p>\n<h3>Come applicare il pannello protezione murale antitrauma?<\/h3>\n<p>Il pannello \u00e8 facile da installare senza particolari difficolt\u00e0 mediante l\u2019apposito collante pennellabile a presa rapida. Sagomabile all\u2019occorrenza su misura per qualsiasi esigenza e dimensione del supporto da rivestire.<\/p>\n<h3>Caratteristiche del morbido pannello di protezione antiurto\/antitrauma<\/h3>\n<ul>\n<li><strong>Colore:<\/strong> Bianco, azzurro, blu, verde, giallo, arancione, rosso, viola, grigio, nero, personalizzabile in qualsiasi RAL per certi quantitativi (25 pannelli minimo);<\/li>\n<li><strong>Sicurezza:<\/strong> Assolve la direttiva UNI ENI 913 del 2009 appendice C. Assolve le direttive in materia di sicurezza UNI EN 71 \u2013 1:2011+A3:2014 ; UNI EN 71 \u2013 2:2011+A1:2014 ; UNI EN 71 \u2013 3:2013 ; Regolamento Reach 1907\/2006\/CE ; EXP\/2015\/030 ; Regolamento 1272\/2013 ; Capo 3 del trattato che istituisce la comunit\u00e0 europea dell\u2019 energia atomica ; UNI 8457 ; UNI 9174 e allo stato attuale delle conoscenze non \u00e8 pericoloso;<\/li>\n<li><strong>Elasticit\u00e0:<\/strong> Ottima per un\u2019 adattabilit\u00e0 a qualsiasi tipo di supporto;<\/li>\n<li><strong>Igiene:<\/strong> Di facile pulitura e manutenzione con normali detergenti non aggressivi;<\/li>\n<li><strong>Coibenza:<\/strong> Termica e acustica;<\/li>\n<li><strong>Durevolezza:<\/strong> Antigraffio, resistente ai raggi UV, alle muffe, ai parassiti, alle intemperie;<\/li>\n<li><strong>Manutenzione ordinaria:<\/strong> H2O + normali detergenti non aggressivi e panno inumidito;<\/li>\n<li><strong>Manutenzione straordinaria:<\/strong> Sostituzione di pannelli danneggiati causa utilizzo improprio.<\/li>\n<\/ul>\n<h3>Composizione della mescola atossica<\/h3>\n<ul>\n<li>La mescola \u00e8 ottenuta dalla miscela polimerica solida a cellule chiuse con <strong>odore caratteristico di Etilen Vinil Acetato,\u00a0<\/strong>atossico definito non pericoloso (per quanto concerne le attuali normative vigenti in materia di sicurezza).<\/li>\n<\/ul>\n<h3>Dati tecnici della protezione antitrauma e atossica<\/h3>\n<ul>\n<li><strong>Formato del pannello: <\/strong>se richiesto con altezza superiore ai 200cm e con larghezza superiore ai 100cm, viene fatta l&#8217;unione con un altro pannello di rivestimento.<\/li>\n<li><strong>Spessore:<\/strong> 20 mm +-10%;<\/li>\n<li><strong>Peso piastra:<\/strong> 3 Kg\/mq;<\/li>\n<li><strong>Densit\u00e0:<\/strong> 100 Kg\/mc;<\/li>\n<li><strong>Classe di fuoco (reazione al fuoco):<\/strong> classe 2. Disponibile anche in <a href=\"https:\/\/giocareinsicurezza.com\/it\/store\/prezzi-offerte\/pannello-di-protezione-antitrauma-ignifugo-tecnosoft\/\">versione ignifuga classe 1<\/a>.<\/li>\n<\/ul>\n","protected":false},"excerpt":{"rendered":"<ul>\n<li><strong>Normativa:\u00a0<\/strong>a norma <a href=\"http:\/\/store.uni.com\/catalogo\/index.php\/uni-en-913-1998.html\" target=\"_blank\" rel=\"noopener noreferrer\">UNI EN 913<\/a> e <a href=\"http:\/\/store.uni.com\/catalogo\/index.php\/uni-en-71-7-2018.html\" target=\"_blank\" rel=\"noopener noreferrer\">UNI EN 71<\/a><\/li>\n<li><strong>Formato del pannello: <\/strong>se richiesto con altezza superiore ai 200cm e con larghezza superiore ai 100cm, viene fatta l&#8217;unione con un altro pannello di rivestimento.<\/li>\n<li><strong>Spessore:<\/strong> 2cm<\/li>\n<li><strong>Peso:<\/strong> 3Kg al mq<\/li>\n<li><strong>Materiale:<\/strong>\u00a0E.V.A. con materiale <strong>atossico<\/strong><\/li>\n<li><strong>Fissaggio con:<\/strong> <a href=\"https:\/\/giocareinsicurezza.com\/it\/store\/prezzi-offerte\/collante-adiprenico-neoglue\/\" target=\"_blank\" rel=\"noopener noreferrer\">Collante adiprenico Neoglue<\/a><\/li>\n<li><strong>Colori per l&#8217;esterno<\/strong> (consigliati): blu, azzurro, verde<\/li>\n<li><strong>Breve descrizione:<\/strong>\u00a0Rivestimento antitrauma\/antiurto che garantisce un elevato standard di sicurezza nel caso di urti e di cadute.<\/li>\n<\/ul>\n","protected":false},"featured_media":4566,"comment_status":"closed","ping_status":"closed","template":"","meta":[],"product_cat":[85,73],"product_tag":[103,106,168,183,199,128,127,193,195,194],"class_list":{"0":"post-4029","1":"product","2":"type-product","3":"status-publish","4":"has-post-thumbnail","6":"product_cat-protezioni-gomma-antitrauma","7":"product_cat-protezioni-murali","8":"product_tag-antitrauma","9":"product_tag-antiurto","10":"product_tag-atossico","11":"product_tag-eva","12":"product_tag-materassino","13":"product_tag-per-esterni","14":"product_tag-per-esterno","15":"product_tag-protezione-murale","16":"product_tag-protezione-pilastri","17":"product_tag-protezioni-colonne","19":"first","20":"instock","21":"sale","22":"taxable","23":"shipping-taxable","24":"purchasable","25":"product-type-variable"},"yoast_head":"<!-- This site is optimized with the Yoast SEO plugin v24.2 - https:\/\/yoast.com\/wordpress\/plugins\/seo\/ -->\n<title>Pannello di protezione antitrauma atossico - TecnoSoft<\/title>\n<meta name=\"description\" content=\"Il miglior prezzo\/offerta e vendita online del pannello colorato di protezione atossico TecnoSoft misura massima 100x200cm, ideale per esterni ed interni.\" \/>\n<meta name=\"robots\" content=\"index, follow, max-snippet:-1, max-image-preview:large, max-video-preview:-1\" \/>\n<link rel=\"canonical\" href=\"https:\/\/giocareinsicurezza.com\/it\/store\/prezzi-offerte\/pannello-di-protezione-antitrauma-atossico-tecnosoft\/\" \/>\n<meta property=\"og:locale\" content=\"it_IT\" \/>\n<meta property=\"og:type\" content=\"article\" \/>\n<meta property=\"og:title\" content=\"Pannello di protezione antitrauma atossico - TecnoSoft\" \/>\n<meta property=\"og:description\" content=\"Il miglior prezzo\/offerta e vendita online del pannello colorato di protezione atossico TecnoSoft misura massima 100x200cm, ideale per esterni ed interni.\" \/>\n<meta property=\"og:url\" content=\"https:\/\/giocareinsicurezza.com\/it\/store\/prezzi-offerte\/pannello-di-protezione-antitrauma-atossico-tecnosoft\/\" \/>\n<meta property=\"og:site_name\" content=\"Giocare in Sicurezza - Rivestimenti e protezioni antitrauma in gomma\" \/>\n<meta property=\"article:modified_time\" content=\"2024-03-29T20:03:59+00:00\" \/>\n<meta property=\"og:image\" content=\"https:\/\/giocareinsicurezza.com\/it\/store\/wp-content\/uploads\/2018\/08\/protezione-antitrauma-atossica.png\" \/>\n\t<meta property=\"og:image:width\" content=\"550\" \/>\n\t<meta property=\"og:image:height\" content=\"550\" \/>\n\t<meta property=\"og:image:type\" content=\"image\/png\" \/>\n<meta name=\"twitter:card\" content=\"summary_large_image\" \/>\n<meta name=\"twitter:label1\" content=\"Tempo di lettura stimato\" \/>\n\t<meta name=\"twitter:data1\" content=\"3 minuti\" \/>\n<script type=\"application\/ld+json\" class=\"yoast-schema-graph\">{\"@context\":\"https:\/\/schema.org\",\"@graph\":[{\"@type\":\"WebPage\",\"@id\":\"https:\/\/giocareinsicurezza.com\/it\/store\/prezzi-offerte\/pannello-di-protezione-antitrauma-atossico-tecnosoft\/\",\"url\":\"https:\/\/giocareinsicurezza.com\/it\/store\/prezzi-offerte\/pannello-di-protezione-antitrauma-atossico-tecnosoft\/\",\"name\":\"Pannello di protezione antitrauma atossico - TecnoSoft\",\"isPartOf\":{\"@id\":\"https:\/\/giocareinsicurezza.com\/it\/store\/#website\"},\"primaryImageOfPage\":{\"@id\":\"https:\/\/giocareinsicurezza.com\/it\/store\/prezzi-offerte\/pannello-di-protezione-antitrauma-atossico-tecnosoft\/#primaryimage\"},\"image\":{\"@id\":\"https:\/\/giocareinsicurezza.com\/it\/store\/prezzi-offerte\/pannello-di-protezione-antitrauma-atossico-tecnosoft\/#primaryimage\"},\"thumbnailUrl\":\"https:\/\/giocareinsicurezza.com\/it\/store\/wp-content\/uploads\/2018\/08\/protezione-antitrauma-atossica.png\",\"datePublished\":\"2018-06-08T15:16:33+00:00\",\"dateModified\":\"2024-03-29T20:03:59+00:00\",\"description\":\"Il miglior prezzo\/offerta e vendita online del pannello colorato di protezione atossico TecnoSoft misura massima 100x200cm, ideale per esterni ed interni.\",\"breadcrumb\":{\"@id\":\"https:\/\/giocareinsicurezza.com\/it\/store\/prezzi-offerte\/pannello-di-protezione-antitrauma-atossico-tecnosoft\/#breadcrumb\"},\"inLanguage\":\"it-IT\",\"potentialAction\":[{\"@type\":\"ReadAction\",\"target\":[\"https:\/\/giocareinsicurezza.com\/it\/store\/prezzi-offerte\/pannello-di-protezione-antitrauma-atossico-tecnosoft\/\"]}]},{\"@type\":\"ImageObject\",\"inLanguage\":\"it-IT\",\"@id\":\"https:\/\/giocareinsicurezza.com\/it\/store\/prezzi-offerte\/pannello-di-protezione-antitrauma-atossico-tecnosoft\/#primaryimage\",\"url\":\"https:\/\/giocareinsicurezza.com\/it\/store\/wp-content\/uploads\/2018\/08\/protezione-antitrauma-atossica.png\",\"contentUrl\":\"https:\/\/giocareinsicurezza.com\/it\/store\/wp-content\/uploads\/2018\/08\/protezione-antitrauma-atossica.png\",\"width\":550,\"height\":550,\"caption\":\"Protezione antitrauma in gomma atossica uni en 913\"},{\"@type\":\"BreadcrumbList\",\"@id\":\"https:\/\/giocareinsicurezza.com\/it\/store\/prezzi-offerte\/pannello-di-protezione-antitrauma-atossico-tecnosoft\/#breadcrumb\",\"itemListElement\":[{\"@type\":\"ListItem\",\"position\":1,\"name\":\"Home\",\"item\":\"https:\/\/giocareinsicurezza.com\/it\/store\/\"},{\"@type\":\"ListItem\",\"position\":2,\"name\":\"Shop\",\"item\":\"https:\/\/giocareinsicurezza.com\/it\/store\/shop\/\"},{\"@type\":\"ListItem\",\"position\":3,\"name\":\"Pannello di protezione antitrauma atossico TecnoSoft\"}]},{\"@type\":\"WebSite\",\"@id\":\"https:\/\/giocareinsicurezza.com\/it\/store\/#website\",\"url\":\"https:\/\/giocareinsicurezza.com\/it\/store\/\",\"name\":\"Giocare in Sicurezza - Rivestimenti e protezioni antitrauma in gomma\",\"description\":\"Vendita online di rivestimenti di protezione antitrauma su misura in gomma o gommapiuma per la scuola ed ambienti sportivi\",\"publisher\":{\"@id\":\"https:\/\/giocareinsicurezza.com\/it\/store\/#organization\"},\"potentialAction\":[{\"@type\":\"SearchAction\",\"target\":{\"@type\":\"EntryPoint\",\"urlTemplate\":\"https:\/\/giocareinsicurezza.com\/it\/store\/?s={search_term_string}\"},\"query-input\":{\"@type\":\"PropertyValueSpecification\",\"valueRequired\":true,\"valueName\":\"search_term_string\"}}],\"inLanguage\":\"it-IT\"},{\"@type\":\"Organization\",\"@id\":\"https:\/\/giocareinsicurezza.com\/it\/store\/#organization\",\"name\":\"Giocare in Sicurezza - Rivestimenti e protezioni antitrauma in gomma\",\"url\":\"https:\/\/giocareinsicurezza.com\/it\/store\/\",\"logo\":{\"@type\":\"ImageObject\",\"inLanguage\":\"it-IT\",\"@id\":\"https:\/\/giocareinsicurezza.com\/it\/store\/#\/schema\/logo\/image\/\",\"url\":\"https:\/\/giocareinsicurezza.com\/it\/store\/wp-content\/uploads\/2020\/05\/cropped-logo-giocareinsicurezza-1.png\",\"contentUrl\":\"https:\/\/giocareinsicurezza.com\/it\/store\/wp-content\/uploads\/2020\/05\/cropped-logo-giocareinsicurezza-1.png\",\"width\":225,\"height\":73,\"caption\":\"Giocare in Sicurezza - Rivestimenti e protezioni antitrauma in gomma\"},\"image\":{\"@id\":\"https:\/\/giocareinsicurezza.com\/it\/store\/#\/schema\/logo\/image\/\"}}]}<\/script>\n<!-- \/ Yoast SEO plugin. -->","yoast_head_json":{"title":"Pannello di protezione antitrauma atossico - TecnoSoft","description":"Il miglior prezzo\/offerta e vendita online del pannello colorato di protezione atossico TecnoSoft misura massima 100x200cm, ideale per esterni ed interni.","robots":{"index":"index","follow":"follow","max-snippet":"max-snippet:-1","max-image-preview":"max-image-preview:large","max-video-preview":"max-video-preview:-1"},"canonical":"https:\/\/giocareinsicurezza.com\/it\/store\/prezzi-offerte\/pannello-di-protezione-antitrauma-atossico-tecnosoft\/","og_locale":"it_IT","og_type":"article","og_title":"Pannello di protezione antitrauma atossico - TecnoSoft","og_description":"Il miglior prezzo\/offerta e vendita online del pannello colorato di protezione atossico TecnoSoft misura massima 100x200cm, ideale per esterni ed interni.","og_url":"https:\/\/giocareinsicurezza.com\/it\/store\/prezzi-offerte\/pannello-di-protezione-antitrauma-atossico-tecnosoft\/","og_site_name":"Giocare in Sicurezza - Rivestimenti e protezioni antitrauma in gomma","article_modified_time":"2024-03-29T20:03:59+00:00","og_image":[{"width":550,"height":550,"url":"https:\/\/giocareinsicurezza.com\/it\/store\/wp-content\/uploads\/2018\/08\/protezione-antitrauma-atossica.png","type":"image\/png"}],"twitter_card":"summary_large_image","twitter_misc":{"Tempo di lettura stimato":"3 minuti"},"schema":{"@context":"https:\/\/schema.org","@graph":[{"@type":"WebPage","@id":"https:\/\/giocareinsicurezza.com\/it\/store\/prezzi-offerte\/pannello-di-protezione-antitrauma-atossico-tecnosoft\/","url":"https:\/\/giocareinsicurezza.com\/it\/store\/prezzi-offerte\/pannello-di-protezione-antitrauma-atossico-tecnosoft\/","name":"Pannello di protezione antitrauma atossico - TecnoSoft","isPartOf":{"@id":"https:\/\/giocareinsicurezza.com\/it\/store\/#website"},"primaryImageOfPage":{"@id":"https:\/\/giocareinsicurezza.com\/it\/store\/prezzi-offerte\/pannello-di-protezione-antitrauma-atossico-tecnosoft\/#primaryimage"},"image":{"@id":"https:\/\/giocareinsicurezza.com\/it\/store\/prezzi-offerte\/pannello-di-protezione-antitrauma-atossico-tecnosoft\/#primaryimage"},"thumbnailUrl":"https:\/\/giocareinsicurezza.com\/it\/store\/wp-content\/uploads\/2018\/08\/protezione-antitrauma-atossica.png","datePublished":"2018-06-08T15:16:33+00:00","dateModified":"2024-03-29T20:03:59+00:00","description":"Il miglior prezzo\/offerta e vendita online del pannello colorato di protezione atossico TecnoSoft misura massima 100x200cm, ideale per esterni ed interni.","breadcrumb":{"@id":"https:\/\/giocareinsicurezza.com\/it\/store\/prezzi-offerte\/pannello-di-protezione-antitrauma-atossico-tecnosoft\/#breadcrumb"},"inLanguage":"it-IT","potentialAction":[{"@type":"ReadAction","target":["https:\/\/giocareinsicurezza.com\/it\/store\/prezzi-offerte\/pannello-di-protezione-antitrauma-atossico-tecnosoft\/"]}]},{"@type":"ImageObject","inLanguage":"it-IT","@id":"https:\/\/giocareinsicurezza.com\/it\/store\/prezzi-offerte\/pannello-di-protezione-antitrauma-atossico-tecnosoft\/#primaryimage","url":"https:\/\/giocareinsicurezza.com\/it\/store\/wp-content\/uploads\/2018\/08\/protezione-antitrauma-atossica.png","contentUrl":"https:\/\/giocareinsicurezza.com\/it\/store\/wp-content\/uploads\/2018\/08\/protezione-antitrauma-atossica.png","width":550,"height":550,"caption":"Protezione antitrauma in gomma atossica uni en 913"},{"@type":"BreadcrumbList","@id":"https:\/\/giocareinsicurezza.com\/it\/store\/prezzi-offerte\/pannello-di-protezione-antitrauma-atossico-tecnosoft\/#breadcrumb","itemListElement":[{"@type":"ListItem","position":1,"name":"Home","item":"https:\/\/giocareinsicurezza.com\/it\/store\/"},{"@type":"ListItem","position":2,"name":"Shop","item":"https:\/\/giocareinsicurezza.com\/it\/store\/shop\/"},{"@type":"ListItem","position":3,"name":"Pannello di protezione antitrauma atossico TecnoSoft"}]},{"@type":"WebSite","@id":"https:\/\/giocareinsicurezza.com\/it\/store\/#website","url":"https:\/\/giocareinsicurezza.com\/it\/store\/","name":"Giocare in Sicurezza - Rivestimenti e protezioni antitrauma in gomma","description":"Vendita online di rivestimenti di protezione antitrauma su misura in gomma o gommapiuma per la scuola ed ambienti sportivi","publisher":{"@id":"https:\/\/giocareinsicurezza.com\/it\/store\/#organization"},"potentialAction":[{"@type":"SearchAction","target":{"@type":"EntryPoint","urlTemplate":"https:\/\/giocareinsicurezza.com\/it\/store\/?s={search_term_string}"},"query-input":{"@type":"PropertyValueSpecification","valueRequired":true,"valueName":"search_term_string"}}],"inLanguage":"it-IT"},{"@type":"Organization","@id":"https:\/\/giocareinsicurezza.com\/it\/store\/#organization","name":"Giocare in Sicurezza - Rivestimenti e protezioni antitrauma in gomma","url":"https:\/\/giocareinsicurezza.com\/it\/store\/","logo":{"@type":"ImageObject","inLanguage":"it-IT","@id":"https:\/\/giocareinsicurezza.com\/it\/store\/#\/schema\/logo\/image\/","url":"https:\/\/giocareinsicurezza.com\/it\/store\/wp-content\/uploads\/2020\/05\/cropped-logo-giocareinsicurezza-1.png","contentUrl":"https:\/\/giocareinsicurezza.com\/it\/store\/wp-content\/uploads\/2020\/05\/cropped-logo-giocareinsicurezza-1.png","width":225,"height":73,"caption":"Giocare in Sicurezza - Rivestimenti e protezioni antitrauma in gomma"},"image":{"@id":"https:\/\/giocareinsicurezza.com\/it\/store\/#\/schema\/logo\/image\/"}}]}},"_links":{"self":[{"href":"https:\/\/giocareinsicurezza.com\/it\/store\/wp-json\/wp\/v2\/product\/4029","targetHints":{"allow":["GET"]}}],"collection":[{"href":"https:\/\/giocareinsicurezza.com\/it\/store\/wp-json\/wp\/v2\/product"}],"about":[{"href":"https:\/\/giocareinsicurezza.com\/it\/store\/wp-json\/wp\/v2\/types\/product"}],"replies":[{"embeddable":true,"href":"https:\/\/giocareinsicurezza.com\/it\/store\/wp-json\/wp\/v2\/comments?post=4029"}],"wp:featuredmedia":[{"embeddable":true,"href":"https:\/\/giocareinsicurezza.com\/it\/store\/wp-json\/wp\/v2\/media\/4566"}],"wp:attachment":[{"href":"https:\/\/giocareinsicurezza.com\/it\/store\/wp-json\/wp\/v2\/media?parent=4029"}],"wp:term":[{"taxonomy":"product_cat","embeddable":true,"href":"https:\/\/giocareinsicurezza.com\/it\/store\/wp-json\/wp\/v2\/product_cat?post=4029"},{"taxonomy":"product_tag","embeddable":true,"href":"https:\/\/giocareinsicurezza.com\/it\/store\/wp-json\/wp\/v2\/product_tag?post=4029"}],"curies":[{"name":"wp","href":"https:\/\/api.w.org\/{rel}","templated":true}]}}