{"id":6002,"date":"2019-04-14T14:19:46","date_gmt":"2019-04-14T14:19:46","guid":{"rendered":"https:\/\/giocareinsicurezza.com\/it\/store\/?post_type=product&#038;p=6002"},"modified":"2023-03-19T16:47:10","modified_gmt":"2023-03-19T16:47:10","slug":"modul-one-cubo-scaletta","status":"publish","type":"product","link":"https:\/\/giocareinsicurezza.com\/it\/store\/prezzi-offerte\/modul-one-cubo-scaletta\/","title":{"rendered":"Modulo cubo-scaletta &#8220;MODUL-ONE&#8221;"},"content":{"rendered":"<blockquote><p><em>La <strong>linea d&#8217;arredo gioco per esterni<\/strong> <strong>&#8220;MODUL-ONE&#8221;<\/strong> presenta questo semplice modulo che aiuta il bambino attraverso una <strong>semplice scaletta<\/strong> a salire sul cubo. Questo elemento modulare, costituito da una robusta plastica, permette di realizzare con l&#8217;aiuto di altri componenti, composizioni divertenti, colorate sicure e protette. <\/em><\/p><\/blockquote>\n<h3>SOLIDITA\u2019 = SICUREZZA<\/h3>\n<p>\u201cMODUL-ONE\u201d \u00e8 una <strong>linea gioco per esterni<\/strong> che garantisce la massima robustezza e affidabilit\u00e0. Grazie alla sua particolare struttura pu\u00f2 essere utilizzato nei parchi gioco, palestre e piscine. Facile da comporre e leggero da trasportare, \u00e8 prodotto in materiale robusto, sicuro che garantisce la <strong>massima protezione<\/strong>. Disponibile in sei vivaci colori, resistenti ai raggi ultravioletti ed agli agenti atmosferici. Bastano pochi pezzi per costruire un percorso divertente che potr\u00e0 poi essere ampliato senza alcun limite.<\/p>\n<h3>NUOVO SISTEMA MODULARE SEMPLICE AD INCASTRO<\/h3>\n<p>Ogni modulo della linea MODUL-ONE pu\u00f2 essere abbinato con altri moduli in modo da creare un percorso creativo e colorato. ideale per viene <strong>fornito con la base<\/strong> e pu\u00f2 essere appoggiato direttamente sull&#8217;erba, terra, cemento o ghiaino. Inoltre non necessit\u00e0 di tappetini all&#8217;interno dei vagoni poich\u00e8 la base \u00e8 di plastica resistente e di facile pulizia. Caratteristiche principali della linea MODUL-ONE:<\/p>\n<ul>\n<li>Sistema ad incastro modulare ed illimitato<\/li>\n<li>Plastica di levata robustezza e resistente al ghiaccio, neve, pioggia, sole.<\/li>\n<li>Per ambienti esterni ed interni<\/li>\n<li>Colori vivaci ed accesi (proprio come i bambini!)<\/li>\n<li>Conforme UNI EN 1176\/1<\/li>\n<li>Conforme UNI EN 1176\/3<\/li>\n<li>Prodotto italiano di qualit\u00e0 al 100%<\/li>\n<\/ul>\n<h3>E&#8217; UN PRODOTTO CERTIFICATO?<\/h3>\n<p>Questo simpaticissimo trenino a percorso &#8220;MODUL-ONE&#8221;, di qualit\u00e0 e <strong>MADE IN ITALY al 100%<\/strong> \u00e8 anche certificato:<\/p>\n<ul>\n<li><strong>UNI EN 1176\/1 &#8211; <\/strong><strong><a href=\"http:\/\/store.uni.com\/catalogo\/index.php\/uni-en-1176-1-2018.html?josso_back_to=http:\/\/store.uni.com\/josso-security-check.php&amp;josso_cmd=login_optional&amp;josso_partnerapp_host=store.uni.com\">Parte 1<\/a>\u00a0&#8211; Attrezzature e superfici per aree da gioco &#8211; Requisiti generali di sicurezza e metodi di prova<\/strong><br \/>\nLa norma specifica i requisiti generali di sicurezza per attrezzature e superfici per aree da gioco pubbliche installate in modo permanente. I requisiti di sicurezza aggiuntivi per parti specifiche delle attrezzature per aree da gioco sono trattati nelle altre parti della norma.<br \/>\nLa UNI EN 1176-1 tratta le attrezzature per aree da gioco per tutti i bambini. Essa \u00e8 stata elaborata con il pieno riconoscimento della necessit\u00e0 di supervisione dei bambini piccoli e dei bambini meno abili o meno competenti.<\/li>\n<li><strong>UNI EN 1176\/3 &#8211; <a href=\"http:\/\/store.uni.com\/catalogo\/index.php\/uni-en-1176-3-2018.html\">Parte 3<\/a> &#8211; Attrezzature e superfici per aree da gioco &#8211; Requisiti aggiuntivi specifici di sicurezza e metodi di prova per gli scivoli<\/strong>\n<div class=\"short-description\">La norma specifica i requisiti aggiuntivi specifici di sicurezza per gli scivoli destinati ad essere installati in modo permanente per l\u2019utilizzo da parte dei bambini. L&#8217;obiettivo \u00e8 di fornire protezione all&#8217;utilizzatore contro possibili pericoli durante l&#8217;uso. Se la funzione di gioco principale non \u00e8 scivolare, i requisiti pertinenti della UNI EN 1176-3 possono essere utilizzati, come appropriato.<\/div>\n<\/li>\n<\/ul>\n<h3>AREE DI UTILIZZO DEL GIOCO<\/h3>\n<p>La linea modulare gioco per bambini &#8220;MODUL-ONE&#8221; \u00e8 un sistema semplice e divertente che arreda spazi esterni come cortili, giardini, piazzali nelle aree pubbliche e private: a scuola, nel parco giochi e nel giardino di casa.<\/p>\n","protected":false},"excerpt":{"rendered":"<ul>\n<li><strong>Breve descrizione:<\/strong>\u00a0<strong>&#8220;<a href=\"https:\/\/giocareinsicurezza.com\/it\/store\/categoria\/giochi-per-bambini\/attrezzature\/modul-one\/\">MODUL-ONE<\/a>&#8220;<\/strong> \u00e8 una linea d&#8217;arredo per aree gioco bambini ed \u00e8 composta da moduli in plastica ad incastro. Facilissimo da montare, \u00e8 resistente, affidabile e disponibile in colori vivaci. La base d&#8217;appoggio ad incastro lo rende sicuro e collocabile su qualsiasi superficie. I moduli ad incastro permettono di sviluppare percorsi diversi tra loro con linee simpatiche e divertenti. E&#8217; un <strong>prodotto italiano di qualit\u00e0 al 100%<\/strong><\/li>\n<li><strong>Questo prodotto \u00e8 costituito da:<\/strong> 5 pannelli e un pannello scaletta<\/li>\n<li><strong>Colori:<\/strong> 6 vivaci colori resistenti ai raggi UV del sole ed agli agenti atmosferici<\/li>\n<li><strong>Modulare:<\/strong> Sistema ad incastro modulare ed illimitato<\/li>\n<li><strong>Ambienti:<\/strong> esterni ed interni<\/li>\n<li><strong>Prodotto italiano<\/strong> di qualit\u00e0 al 100%<\/li>\n<li><strong>Materiale:<\/strong> plastico di levata robustezza e resistente al ghiaccio, neve, pioggia, sole.<\/li>\n<li><strong>Certificazioni: <a href=\"http:\/\/store.uni.com\/catalogo\/index.php\/uni-en-1176-1-2018.html\">UNI EN 1176\/1<\/a> e <a href=\"http:\/\/store.uni.com\/catalogo\/index.php\/uni-en-1176-3-2018.html\">UNI EN 1176\/3<\/a><\/strong> (Attrezzature e superfici per aree da gioco)<\/li>\n<\/ul>\n","protected":false},"featured_media":6012,"comment_status":"closed","ping_status":"closed","template":"","meta":[],"product_cat":[313,314],"product_tag":[171,128,127,294],"class_list":{"0":"post-6002","1":"product","2":"type-product","3":"status-publish","4":"has-post-thumbnail","6":"product_cat-attrezzature","7":"product_cat-modul-one","8":"product_tag-aree-gioco","9":"product_tag-per-esterni","10":"product_tag-per-esterno","11":"product_tag-plastica","13":"first","14":"instock","15":"sale","16":"taxable","17":"shipping-taxable","18":"purchasable","19":"product-type-simple"},"yoast_head":"<!-- This site is optimized with the Yoast SEO plugin v24.2 - https:\/\/yoast.com\/wordpress\/plugins\/seo\/ -->\n<title>Modulo cubo con scaletta di plastica resistente e protettiva MODUL-ONE<\/title>\n<meta name=\"description\" content=\"Modulo cubo con scaletta della linea MODUL-ONE, il nuovo sistema modulare d&#039;arredo per esterni \/ da giardino \/ da cortile \/ all&#039;aperto (percorso al coperto, cunicolo, galleria, tunnel), composto da plastica resistente, protettiva, sicura e coloratissima.\" \/>\n<meta name=\"robots\" content=\"index, nofollow, max-snippet:-1, max-image-preview:large, max-video-preview:-1\" \/>\n<link rel=\"canonical\" href=\"https:\/\/giocareinsicurezza.com\/it\/store\/prezzi-offerte\/modul-one-cubo-scaletta\/\" \/>\n<meta property=\"og:locale\" content=\"it_IT\" \/>\n<meta property=\"og:type\" content=\"article\" \/>\n<meta property=\"og:title\" content=\"Modulo cubo con scaletta di plastica resistente e protettiva MODUL-ONE\" \/>\n<meta property=\"og:description\" content=\"Modulo cubo con scaletta della linea MODUL-ONE, il nuovo sistema modulare d&#039;arredo per esterni \/ da giardino \/ da cortile \/ all&#039;aperto (percorso al coperto, cunicolo, galleria, tunnel), composto da plastica resistente, protettiva, sicura e coloratissima.\" \/>\n<meta property=\"og:url\" content=\"https:\/\/giocareinsicurezza.com\/it\/store\/prezzi-offerte\/modul-one-cubo-scaletta\/\" \/>\n<meta property=\"og:site_name\" content=\"Giocare in Sicurezza - Rivestimenti e protezioni antitrauma in gomma\" \/>\n<meta property=\"article:modified_time\" content=\"2023-03-19T16:47:10+00:00\" \/>\n<meta property=\"og:image\" content=\"https:\/\/giocareinsicurezza.com\/it\/store\/wp-content\/uploads\/2019\/04\/modulo-cubo-scaletta-plastica-protezione.jpg\" \/>\n\t<meta property=\"og:image:width\" content=\"763\" \/>\n\t<meta property=\"og:image:height\" content=\"763\" \/>\n\t<meta property=\"og:image:type\" content=\"image\/jpeg\" \/>\n<meta name=\"twitter:card\" content=\"summary_large_image\" \/>\n<meta name=\"twitter:label1\" content=\"Tempo di lettura stimato\" \/>\n\t<meta name=\"twitter:data1\" content=\"2 minuti\" \/>\n<script type=\"application\/ld+json\" class=\"yoast-schema-graph\">{\"@context\":\"https:\/\/schema.org\",\"@graph\":[{\"@type\":\"WebPage\",\"@id\":\"https:\/\/giocareinsicurezza.com\/it\/store\/prezzi-offerte\/modul-one-cubo-scaletta\/\",\"url\":\"https:\/\/giocareinsicurezza.com\/it\/store\/prezzi-offerte\/modul-one-cubo-scaletta\/\",\"name\":\"Modulo cubo con scaletta di plastica resistente e protettiva MODUL-ONE\",\"isPartOf\":{\"@id\":\"https:\/\/giocareinsicurezza.com\/it\/store\/#website\"},\"primaryImageOfPage\":{\"@id\":\"https:\/\/giocareinsicurezza.com\/it\/store\/prezzi-offerte\/modul-one-cubo-scaletta\/#primaryimage\"},\"image\":{\"@id\":\"https:\/\/giocareinsicurezza.com\/it\/store\/prezzi-offerte\/modul-one-cubo-scaletta\/#primaryimage\"},\"thumbnailUrl\":\"https:\/\/giocareinsicurezza.com\/it\/store\/wp-content\/uploads\/2019\/04\/modulo-cubo-scaletta-plastica-protezione.jpg\",\"datePublished\":\"2019-04-14T14:19:46+00:00\",\"dateModified\":\"2023-03-19T16:47:10+00:00\",\"description\":\"Modulo cubo con scaletta della linea MODUL-ONE, il nuovo sistema modulare d'arredo per esterni \/ da giardino \/ da cortile \/ all'aperto (percorso al coperto, cunicolo, galleria, tunnel), composto da plastica resistente, protettiva, sicura e coloratissima.\",\"breadcrumb\":{\"@id\":\"https:\/\/giocareinsicurezza.com\/it\/store\/prezzi-offerte\/modul-one-cubo-scaletta\/#breadcrumb\"},\"inLanguage\":\"it-IT\",\"potentialAction\":[{\"@type\":\"ReadAction\",\"target\":[\"https:\/\/giocareinsicurezza.com\/it\/store\/prezzi-offerte\/modul-one-cubo-scaletta\/\"]}]},{\"@type\":\"ImageObject\",\"inLanguage\":\"it-IT\",\"@id\":\"https:\/\/giocareinsicurezza.com\/it\/store\/prezzi-offerte\/modul-one-cubo-scaletta\/#primaryimage\",\"url\":\"https:\/\/giocareinsicurezza.com\/it\/store\/wp-content\/uploads\/2019\/04\/modulo-cubo-scaletta-plastica-protezione.jpg\",\"contentUrl\":\"https:\/\/giocareinsicurezza.com\/it\/store\/wp-content\/uploads\/2019\/04\/modulo-cubo-scaletta-plastica-protezione.jpg\",\"width\":763,\"height\":763,\"caption\":\"Percorso gioco modulare per bambini colorato\"},{\"@type\":\"BreadcrumbList\",\"@id\":\"https:\/\/giocareinsicurezza.com\/it\/store\/prezzi-offerte\/modul-one-cubo-scaletta\/#breadcrumb\",\"itemListElement\":[{\"@type\":\"ListItem\",\"position\":1,\"name\":\"Home\",\"item\":\"https:\/\/giocareinsicurezza.com\/it\/store\/\"},{\"@type\":\"ListItem\",\"position\":2,\"name\":\"Shop\",\"item\":\"https:\/\/giocareinsicurezza.com\/it\/store\/shop\/\"},{\"@type\":\"ListItem\",\"position\":3,\"name\":\"Modulo cubo-scaletta &#8220;MODUL-ONE&#8221;\"}]},{\"@type\":\"WebSite\",\"@id\":\"https:\/\/giocareinsicurezza.com\/it\/store\/#website\",\"url\":\"https:\/\/giocareinsicurezza.com\/it\/store\/\",\"name\":\"Giocare in Sicurezza - Rivestimenti e protezioni antitrauma in gomma\",\"description\":\"Vendita online di rivestimenti di protezione antitrauma su misura in gomma o gommapiuma per la scuola ed ambienti sportivi\",\"publisher\":{\"@id\":\"https:\/\/giocareinsicurezza.com\/it\/store\/#organization\"},\"potentialAction\":[{\"@type\":\"SearchAction\",\"target\":{\"@type\":\"EntryPoint\",\"urlTemplate\":\"https:\/\/giocareinsicurezza.com\/it\/store\/?s={search_term_string}\"},\"query-input\":{\"@type\":\"PropertyValueSpecification\",\"valueRequired\":true,\"valueName\":\"search_term_string\"}}],\"inLanguage\":\"it-IT\"},{\"@type\":\"Organization\",\"@id\":\"https:\/\/giocareinsicurezza.com\/it\/store\/#organization\",\"name\":\"Giocare in Sicurezza - Rivestimenti e protezioni antitrauma in gomma\",\"url\":\"https:\/\/giocareinsicurezza.com\/it\/store\/\",\"logo\":{\"@type\":\"ImageObject\",\"inLanguage\":\"it-IT\",\"@id\":\"https:\/\/giocareinsicurezza.com\/it\/store\/#\/schema\/logo\/image\/\",\"url\":\"https:\/\/giocareinsicurezza.com\/it\/store\/wp-content\/uploads\/2020\/05\/cropped-logo-giocareinsicurezza-1.png\",\"contentUrl\":\"https:\/\/giocareinsicurezza.com\/it\/store\/wp-content\/uploads\/2020\/05\/cropped-logo-giocareinsicurezza-1.png\",\"width\":225,\"height\":73,\"caption\":\"Giocare in Sicurezza - Rivestimenti e protezioni antitrauma in gomma\"},\"image\":{\"@id\":\"https:\/\/giocareinsicurezza.com\/it\/store\/#\/schema\/logo\/image\/\"}}]}<\/script>\n<!-- \/ Yoast SEO plugin. -->","yoast_head_json":{"title":"Modulo cubo con scaletta di plastica resistente e protettiva MODUL-ONE","description":"Modulo cubo con scaletta della linea MODUL-ONE, il nuovo sistema modulare d'arredo per esterni \/ da giardino \/ da cortile \/ all'aperto (percorso al coperto, cunicolo, galleria, tunnel), composto da plastica resistente, protettiva, sicura e coloratissima.","robots":{"index":"index","follow":"nofollow","max-snippet":"max-snippet:-1","max-image-preview":"max-image-preview:large","max-video-preview":"max-video-preview:-1"},"canonical":"https:\/\/giocareinsicurezza.com\/it\/store\/prezzi-offerte\/modul-one-cubo-scaletta\/","og_locale":"it_IT","og_type":"article","og_title":"Modulo cubo con scaletta di plastica resistente e protettiva MODUL-ONE","og_description":"Modulo cubo con scaletta della linea MODUL-ONE, il nuovo sistema modulare d'arredo per esterni \/ da giardino \/ da cortile \/ all'aperto (percorso al coperto, cunicolo, galleria, tunnel), composto da plastica resistente, protettiva, sicura e coloratissima.","og_url":"https:\/\/giocareinsicurezza.com\/it\/store\/prezzi-offerte\/modul-one-cubo-scaletta\/","og_site_name":"Giocare in Sicurezza - Rivestimenti e protezioni antitrauma in gomma","article_modified_time":"2023-03-19T16:47:10+00:00","og_image":[{"width":763,"height":763,"url":"https:\/\/giocareinsicurezza.com\/it\/store\/wp-content\/uploads\/2019\/04\/modulo-cubo-scaletta-plastica-protezione.jpg","type":"image\/jpeg"}],"twitter_card":"summary_large_image","twitter_misc":{"Tempo di lettura stimato":"2 minuti"},"schema":{"@context":"https:\/\/schema.org","@graph":[{"@type":"WebPage","@id":"https:\/\/giocareinsicurezza.com\/it\/store\/prezzi-offerte\/modul-one-cubo-scaletta\/","url":"https:\/\/giocareinsicurezza.com\/it\/store\/prezzi-offerte\/modul-one-cubo-scaletta\/","name":"Modulo cubo con scaletta di plastica resistente e protettiva MODUL-ONE","isPartOf":{"@id":"https:\/\/giocareinsicurezza.com\/it\/store\/#website"},"primaryImageOfPage":{"@id":"https:\/\/giocareinsicurezza.com\/it\/store\/prezzi-offerte\/modul-one-cubo-scaletta\/#primaryimage"},"image":{"@id":"https:\/\/giocareinsicurezza.com\/it\/store\/prezzi-offerte\/modul-one-cubo-scaletta\/#primaryimage"},"thumbnailUrl":"https:\/\/giocareinsicurezza.com\/it\/store\/wp-content\/uploads\/2019\/04\/modulo-cubo-scaletta-plastica-protezione.jpg","datePublished":"2019-04-14T14:19:46+00:00","dateModified":"2023-03-19T16:47:10+00:00","description":"Modulo cubo con scaletta della linea MODUL-ONE, il nuovo sistema modulare d'arredo per esterni \/ da giardino \/ da cortile \/ all'aperto (percorso al coperto, cunicolo, galleria, tunnel), composto da plastica resistente, protettiva, sicura e coloratissima.","breadcrumb":{"@id":"https:\/\/giocareinsicurezza.com\/it\/store\/prezzi-offerte\/modul-one-cubo-scaletta\/#breadcrumb"},"inLanguage":"it-IT","potentialAction":[{"@type":"ReadAction","target":["https:\/\/giocareinsicurezza.com\/it\/store\/prezzi-offerte\/modul-one-cubo-scaletta\/"]}]},{"@type":"ImageObject","inLanguage":"it-IT","@id":"https:\/\/giocareinsicurezza.com\/it\/store\/prezzi-offerte\/modul-one-cubo-scaletta\/#primaryimage","url":"https:\/\/giocareinsicurezza.com\/it\/store\/wp-content\/uploads\/2019\/04\/modulo-cubo-scaletta-plastica-protezione.jpg","contentUrl":"https:\/\/giocareinsicurezza.com\/it\/store\/wp-content\/uploads\/2019\/04\/modulo-cubo-scaletta-plastica-protezione.jpg","width":763,"height":763,"caption":"Percorso gioco modulare per bambini colorato"},{"@type":"BreadcrumbList","@id":"https:\/\/giocareinsicurezza.com\/it\/store\/prezzi-offerte\/modul-one-cubo-scaletta\/#breadcrumb","itemListElement":[{"@type":"ListItem","position":1,"name":"Home","item":"https:\/\/giocareinsicurezza.com\/it\/store\/"},{"@type":"ListItem","position":2,"name":"Shop","item":"https:\/\/giocareinsicurezza.com\/it\/store\/shop\/"},{"@type":"ListItem","position":3,"name":"Modulo cubo-scaletta &#8220;MODUL-ONE&#8221;"}]},{"@type":"WebSite","@id":"https:\/\/giocareinsicurezza.com\/it\/store\/#website","url":"https:\/\/giocareinsicurezza.com\/it\/store\/","name":"Giocare in Sicurezza - Rivestimenti e protezioni antitrauma in gomma","description":"Vendita online di rivestimenti di protezione antitrauma su misura in gomma o gommapiuma per la scuola ed ambienti sportivi","publisher":{"@id":"https:\/\/giocareinsicurezza.com\/it\/store\/#organization"},"potentialAction":[{"@type":"SearchAction","target":{"@type":"EntryPoint","urlTemplate":"https:\/\/giocareinsicurezza.com\/it\/store\/?s={search_term_string}"},"query-input":{"@type":"PropertyValueSpecification","valueRequired":true,"valueName":"search_term_string"}}],"inLanguage":"it-IT"},{"@type":"Organization","@id":"https:\/\/giocareinsicurezza.com\/it\/store\/#organization","name":"Giocare in Sicurezza - Rivestimenti e protezioni antitrauma in gomma","url":"https:\/\/giocareinsicurezza.com\/it\/store\/","logo":{"@type":"ImageObject","inLanguage":"it-IT","@id":"https:\/\/giocareinsicurezza.com\/it\/store\/#\/schema\/logo\/image\/","url":"https:\/\/giocareinsicurezza.com\/it\/store\/wp-content\/uploads\/2020\/05\/cropped-logo-giocareinsicurezza-1.png","contentUrl":"https:\/\/giocareinsicurezza.com\/it\/store\/wp-content\/uploads\/2020\/05\/cropped-logo-giocareinsicurezza-1.png","width":225,"height":73,"caption":"Giocare in Sicurezza - Rivestimenti e protezioni antitrauma in gomma"},"image":{"@id":"https:\/\/giocareinsicurezza.com\/it\/store\/#\/schema\/logo\/image\/"}}]}},"_links":{"self":[{"href":"https:\/\/giocareinsicurezza.com\/it\/store\/wp-json\/wp\/v2\/product\/6002","targetHints":{"allow":["GET"]}}],"collection":[{"href":"https:\/\/giocareinsicurezza.com\/it\/store\/wp-json\/wp\/v2\/product"}],"about":[{"href":"https:\/\/giocareinsicurezza.com\/it\/store\/wp-json\/wp\/v2\/types\/product"}],"replies":[{"embeddable":true,"href":"https:\/\/giocareinsicurezza.com\/it\/store\/wp-json\/wp\/v2\/comments?post=6002"}],"wp:featuredmedia":[{"embeddable":true,"href":"https:\/\/giocareinsicurezza.com\/it\/store\/wp-json\/wp\/v2\/media\/6012"}],"wp:attachment":[{"href":"https:\/\/giocareinsicurezza.com\/it\/store\/wp-json\/wp\/v2\/media?parent=6002"}],"wp:term":[{"taxonomy":"product_cat","embeddable":true,"href":"https:\/\/giocareinsicurezza.com\/it\/store\/wp-json\/wp\/v2\/product_cat?post=6002"},{"taxonomy":"product_tag","embeddable":true,"href":"https:\/\/giocareinsicurezza.com\/it\/store\/wp-json\/wp\/v2\/product_tag?post=6002"}],"curies":[{"name":"wp","href":"https:\/\/api.w.org\/{rel}","templated":true}]}}