{"id":6236,"date":"2020-05-03T09:17:12","date_gmt":"2020-05-03T09:17:12","guid":{"rendered":"https:\/\/giocareinsicurezza.com\/it\/store\/?post_type=product&#038;p=6236"},"modified":"2023-03-19T17:08:20","modified_gmt":"2023-03-19T17:08:20","slug":"protezione-pilastro-tecnosoft","status":"publish","type":"product","link":"https:\/\/giocareinsicurezza.com\/it\/store\/prezzi-offerte\/protezione-pilastro-tecnosoft\/","title":{"rendered":"Protezione per pilastro TecnoSoft"},"content":{"rendered":"<h2>..PER ESTERNI\/INTERNI installabile a pilastri di sezione quadrata o rettangolare.<\/h2>\n<p><a href=\"https:\/\/giocareinsicurezza.com\/it\/store\/wp-content\/uploads\/2018\/09\/info.jpg\"><img loading=\"lazy\" decoding=\"async\" class=\"alignleft wp-image-4550\" src=\"https:\/\/giocareinsicurezza.com\/it\/store\/wp-content\/uploads\/2018\/09\/info.jpg\" alt=\"info\" width=\"35\" height=\"35\" srcset=\"https:\/\/giocareinsicurezza.com\/it\/store\/wp-content\/uploads\/2018\/09\/info.jpg 421w, https:\/\/giocareinsicurezza.com\/it\/store\/wp-content\/uploads\/2018\/09\/info-260x260.jpg 260w, https:\/\/giocareinsicurezza.com\/it\/store\/wp-content\/uploads\/2018\/09\/info-100x100.jpg 100w, https:\/\/giocareinsicurezza.com\/it\/store\/wp-content\/uploads\/2018\/09\/info-150x150.jpg 150w, https:\/\/giocareinsicurezza.com\/it\/store\/wp-content\/uploads\/2018\/09\/info-300x300.jpg 300w, https:\/\/giocareinsicurezza.com\/it\/store\/wp-content\/uploads\/2018\/09\/info-70x70.jpg 70w, https:\/\/giocareinsicurezza.com\/it\/store\/wp-content\/uploads\/2018\/09\/info-25x25.jpg 25w, https:\/\/giocareinsicurezza.com\/it\/store\/wp-content\/uploads\/2018\/09\/info-123x123.jpg 123w, https:\/\/giocareinsicurezza.com\/it\/store\/wp-content\/uploads\/2018\/09\/info-80x80.jpg 80w, https:\/\/giocareinsicurezza.com\/it\/store\/wp-content\/uploads\/2018\/09\/info-120x120.jpg 120w, https:\/\/giocareinsicurezza.com\/it\/store\/wp-content\/uploads\/2018\/09\/info-30x30.jpg 30w\" sizes=\"auto, (max-width: 35px) 92vw, 35px\" \/><\/a><span style=\"color: #759c00;\"><em>&gt;&gt; Per sezioni curve o circolari (colonne), <strong><a style=\"color: #759c00;\" href=\"https:\/\/giocareinsicurezza.com\/it\/store\/prezzi-offerte\/copricolonna-tecnosoft\/\">clicca qui<\/a><\/strong>, se invece vuoi proteggere dei pilastri (a sezione quadrata o rettangolare), sei nella pagina giusta!<\/em><\/span><\/p>\n<blockquote><p><em><strong>Protezione per pilastri di cemento di materiale <\/strong><strong>atossico oppure ignifugo<\/strong>\u00a0altezza 250cm (2,5 metri) \/ 220cm (2,2 metri) \/ 200cm (2 metri) \/ 150cm (1,5 metro)\u00a0\/ 100cm (1 metro) ideale per proteggere vari potenziali pericoli presenti nelle scuole materne, impianti sportivi indoor o outdoor<\/em>. <em>E&#8217; un pannello di rivestimento molto morbido, protettivo e adatto per ambienti chiusi o all&#8217;aperto.<\/em><\/p><\/blockquote>\n<h3>Descrizione dell&#8217;aderente\u00a0<strong>protezione per pilastri\u00a0 in gomma morbida<\/strong><\/h3>\n<p>La dimensione del pannello \u00e8 <strong>totalmente su misura<\/strong>. Impostando la larghezza totale del\u00a0<strong>pilastro<\/strong>, il prezzo cambia in automatico. Le altezze disponibili sono preimpostate ossia 100cm, 150cm,\u00a0 200cm, 220cm, 250cm ed \u00e8 possibile selezionare anche il materiale (atossico oppure ignifugo).<\/p>\n<p><em><a href=\"https:\/\/giocareinsicurezza.com\/it\/store\/wp-content\/uploads\/2018\/09\/info.jpg\"><img loading=\"lazy\" decoding=\"async\" class=\"alignleft wp-image-4550\" src=\"https:\/\/giocareinsicurezza.com\/it\/store\/wp-content\/uploads\/2018\/09\/info.jpg\" alt=\"info\" width=\"35\" height=\"35\" srcset=\"https:\/\/giocareinsicurezza.com\/it\/store\/wp-content\/uploads\/2018\/09\/info.jpg 421w, https:\/\/giocareinsicurezza.com\/it\/store\/wp-content\/uploads\/2018\/09\/info-260x260.jpg 260w, https:\/\/giocareinsicurezza.com\/it\/store\/wp-content\/uploads\/2018\/09\/info-100x100.jpg 100w, https:\/\/giocareinsicurezza.com\/it\/store\/wp-content\/uploads\/2018\/09\/info-150x150.jpg 150w, https:\/\/giocareinsicurezza.com\/it\/store\/wp-content\/uploads\/2018\/09\/info-300x300.jpg 300w, https:\/\/giocareinsicurezza.com\/it\/store\/wp-content\/uploads\/2018\/09\/info-70x70.jpg 70w, https:\/\/giocareinsicurezza.com\/it\/store\/wp-content\/uploads\/2018\/09\/info-25x25.jpg 25w, https:\/\/giocareinsicurezza.com\/it\/store\/wp-content\/uploads\/2018\/09\/info-123x123.jpg 123w, https:\/\/giocareinsicurezza.com\/it\/store\/wp-content\/uploads\/2018\/09\/info-80x80.jpg 80w, https:\/\/giocareinsicurezza.com\/it\/store\/wp-content\/uploads\/2018\/09\/info-120x120.jpg 120w, https:\/\/giocareinsicurezza.com\/it\/store\/wp-content\/uploads\/2018\/09\/info-30x30.jpg 30w\" sizes=\"auto, (max-width: 35px) 92vw, 35px\" \/><\/a><span style=\"color: #759c00;\">N.b.: Se hai la necessit\u00e0 di avere un&#8217;altezza diversa rispetto a quelle indicate, ti consigliamo di acquistare la misura pi\u00f9 grande in modo da poter poi ritagliare la lastra con un semplice taglierino. Es. se necessiti di un copri-pilastro da 130cm di altezza, seleziona e acquista la protezione con altezza 150cm.<\/span><\/em><\/p>\n<h3>Come applicare l&#8217;aderente rivestimento protettivo?<\/h3>\n<p>Il pannello copripilastro \u00e8 facile da applicare poich\u00e8 si avvolgere senza particolari difficolt\u00e0 mediante l\u2019apposito collante pennellabile a presa rapida. Bisogna considerare 2-3 cm in pi\u00f9 per ogni angolo se si vuole avvolgere un pilastro su pi\u00f9 lati. Il collante dev&#8217;essere applicato sulla parte inferiore della lastra e sul cemento del pilastro.<\/p>\n<h3>Dati tecnici della protezione avvolgente e soffice antitrauma<\/h3>\n<ul>\n<li><strong>Formato del pannello avvolgente: <\/strong>su misura; se richiesto con altezza superiore ai 200cm e con larghezza superiore ai 100cm, viene fatta l&#8217;unione con un altro pannello di rivestimento.<\/li>\n<li><strong>Spessore:<\/strong> 20 mm +-10%;<\/li>\n<li><strong>Peso piastra:<\/strong> 3 Kg\/mq;<\/li>\n<li><strong>Densit\u00e0:<\/strong> 100 Kg\/mc;<\/li>\n<\/ul>\n","protected":false},"excerpt":{"rendered":"<ul>\n<li><strong>Normativa:\u00a0<\/strong>a norma <a href=\"http:\/\/store.uni.com\/catalogo\/index.php\/uni-en-913-1998.html\" target=\"_blank\" rel=\"noopener noreferrer\">UNI EN 913<\/a><\/li>\n<li><strong>Formato del pannello avvolgente: <\/strong>su misura; se richiesto con altezza superiore ai 200cm e con larghezza superiore ai 100cm, viene fatta l&#8217;unione con un altro pannello di rivestimento.<\/li>\n<li><strong>Spessore:<\/strong> 2cm<\/li>\n<li><strong>Peso:<\/strong> 3Kg al mq<\/li>\n<li><strong>Materiale:<\/strong> E.V.A. <strong>atossica\u00a0<\/strong>oppure <strong>ignifuga cl.1<\/strong><\/li>\n<li><strong>Fissaggio con:<\/strong> <a href=\"https:\/\/giocareinsicurezza.com\/it\/store\/prezzi-offerte\/collante-adiprenico-neoglue\/\" target=\"_blank\" rel=\"noopener noreferrer\">Collante adiprenico Neoglue<\/a><\/li>\n<li><strong>Colori per l&#8217;esterno<\/strong> (consigliati): blu, azzurro, verde<\/li>\n<li><strong>Materiale per l&#8217;interno<\/strong>\u00a0(consigliato): ignifugo<\/li>\n<li><strong>Breve descrizione:<\/strong>\u00a0Rivestimento antitrauma\/antiurto per colonne che garantisce un elevato standard di sicurezza nel caso di urti.<\/li>\n<\/ul>\n","protected":false},"featured_media":4557,"comment_status":"closed","ping_status":"closed","template":"","meta":[],"product_cat":[233,85],"product_tag":[103,106,168,234,235,183,202,199,128,127,108,107,221,220,219,223,236],"class_list":{"0":"post-6236","1":"product","2":"type-product","3":"status-publish","4":"has-post-thumbnail","6":"product_cat-copripilastri","7":"product_cat-protezioni-gomma-antitrauma","8":"product_tag-antitrauma","9":"product_tag-antiurto","10":"product_tag-atossico","11":"product_tag-copripilastri","12":"product_tag-copripilastro","13":"product_tag-eva","14":"product_tag-ignifugo","15":"product_tag-materassino","16":"product_tag-per-esterni","17":"product_tag-per-esterno","18":"product_tag-per-interni","19":"product_tag-per-interno","20":"product_tag-protezione-aderente","21":"product_tag-protezione-avvolgente","22":"product_tag-protezione-circolare","23":"product_tag-protezione-fasciante","24":"product_tag-protezioni-pilastro","26":"first","27":"instock","28":"sale","29":"taxable","30":"shipping-taxable","31":"purchasable","32":"product-type-variable"},"yoast_head":"<!-- This site is optimized with the Yoast SEO plugin v24.2 - https:\/\/yoast.com\/wordpress\/plugins\/seo\/ -->\n<title>Protezioni pilastri con rivestimento aderente e avvolgente<\/title>\n<meta name=\"description\" content=\"Vendita online della morbida e soffice rivestimento aderente di protezione avvolgente e su misura TecnoSoft ideale per pilastri a sezione quadrata \/ rettangolare.\" \/>\n<meta name=\"robots\" content=\"index, follow, max-snippet:-1, max-image-preview:large, max-video-preview:-1\" \/>\n<link rel=\"canonical\" href=\"https:\/\/giocareinsicurezza.com\/it\/store\/prezzi-offerte\/protezione-pilastro-tecnosoft\/\" \/>\n<meta property=\"og:locale\" content=\"it_IT\" \/>\n<meta property=\"og:type\" content=\"article\" \/>\n<meta property=\"og:title\" content=\"Protezioni pilastri con rivestimento aderente e avvolgente\" \/>\n<meta property=\"og:description\" content=\"Vendita online della morbida e soffice rivestimento aderente di protezione avvolgente e su misura TecnoSoft ideale per pilastri a sezione quadrata \/ rettangolare.\" \/>\n<meta property=\"og:url\" content=\"https:\/\/giocareinsicurezza.com\/it\/store\/prezzi-offerte\/protezione-pilastro-tecnosoft\/\" \/>\n<meta property=\"og:site_name\" content=\"Giocare in Sicurezza - Rivestimenti e protezioni antitrauma in gomma\" \/>\n<meta property=\"article:modified_time\" content=\"2023-03-19T17:08:20+00:00\" \/>\n<meta property=\"og:image\" content=\"https:\/\/giocareinsicurezza.com\/it\/store\/wp-content\/uploads\/2018\/09\/protezione-pilastro-cemento.jpg\" \/>\n\t<meta property=\"og:image:width\" content=\"555\" \/>\n\t<meta property=\"og:image:height\" content=\"555\" \/>\n\t<meta property=\"og:image:type\" content=\"image\/jpeg\" \/>\n<meta name=\"twitter:card\" content=\"summary_large_image\" \/>\n<meta name=\"twitter:label1\" content=\"Tempo di lettura stimato\" \/>\n\t<meta name=\"twitter:data1\" content=\"2 minuti\" \/>\n<script type=\"application\/ld+json\" class=\"yoast-schema-graph\">{\"@context\":\"https:\/\/schema.org\",\"@graph\":[{\"@type\":\"WebPage\",\"@id\":\"https:\/\/giocareinsicurezza.com\/it\/store\/prezzi-offerte\/protezione-pilastro-tecnosoft\/\",\"url\":\"https:\/\/giocareinsicurezza.com\/it\/store\/prezzi-offerte\/protezione-pilastro-tecnosoft\/\",\"name\":\"Protezioni pilastri con rivestimento aderente e avvolgente\",\"isPartOf\":{\"@id\":\"https:\/\/giocareinsicurezza.com\/it\/store\/#website\"},\"primaryImageOfPage\":{\"@id\":\"https:\/\/giocareinsicurezza.com\/it\/store\/prezzi-offerte\/protezione-pilastro-tecnosoft\/#primaryimage\"},\"image\":{\"@id\":\"https:\/\/giocareinsicurezza.com\/it\/store\/prezzi-offerte\/protezione-pilastro-tecnosoft\/#primaryimage\"},\"thumbnailUrl\":\"https:\/\/giocareinsicurezza.com\/it\/store\/wp-content\/uploads\/2018\/09\/protezione-pilastro-cemento.jpg\",\"datePublished\":\"2020-05-03T09:17:12+00:00\",\"dateModified\":\"2023-03-19T17:08:20+00:00\",\"description\":\"Vendita online della morbida e soffice rivestimento aderente di protezione avvolgente e su misura TecnoSoft ideale per pilastri a sezione quadrata \/ rettangolare.\",\"breadcrumb\":{\"@id\":\"https:\/\/giocareinsicurezza.com\/it\/store\/prezzi-offerte\/protezione-pilastro-tecnosoft\/#breadcrumb\"},\"inLanguage\":\"it-IT\",\"potentialAction\":[{\"@type\":\"ReadAction\",\"target\":[\"https:\/\/giocareinsicurezza.com\/it\/store\/prezzi-offerte\/protezione-pilastro-tecnosoft\/\"]}]},{\"@type\":\"ImageObject\",\"inLanguage\":\"it-IT\",\"@id\":\"https:\/\/giocareinsicurezza.com\/it\/store\/prezzi-offerte\/protezione-pilastro-tecnosoft\/#primaryimage\",\"url\":\"https:\/\/giocareinsicurezza.com\/it\/store\/wp-content\/uploads\/2018\/09\/protezione-pilastro-cemento.jpg\",\"contentUrl\":\"https:\/\/giocareinsicurezza.com\/it\/store\/wp-content\/uploads\/2018\/09\/protezione-pilastro-cemento.jpg\",\"width\":555,\"height\":555,\"caption\":\"Protezione per pilastro cemento\"},{\"@type\":\"BreadcrumbList\",\"@id\":\"https:\/\/giocareinsicurezza.com\/it\/store\/prezzi-offerte\/protezione-pilastro-tecnosoft\/#breadcrumb\",\"itemListElement\":[{\"@type\":\"ListItem\",\"position\":1,\"name\":\"Home\",\"item\":\"https:\/\/giocareinsicurezza.com\/it\/store\/\"},{\"@type\":\"ListItem\",\"position\":2,\"name\":\"Shop\",\"item\":\"https:\/\/giocareinsicurezza.com\/it\/store\/shop\/\"},{\"@type\":\"ListItem\",\"position\":3,\"name\":\"Protezione per pilastro TecnoSoft\"}]},{\"@type\":\"WebSite\",\"@id\":\"https:\/\/giocareinsicurezza.com\/it\/store\/#website\",\"url\":\"https:\/\/giocareinsicurezza.com\/it\/store\/\",\"name\":\"Giocare in Sicurezza - Rivestimenti e protezioni antitrauma in gomma\",\"description\":\"Vendita online di rivestimenti di protezione antitrauma su misura in gomma o gommapiuma per la scuola ed ambienti sportivi\",\"publisher\":{\"@id\":\"https:\/\/giocareinsicurezza.com\/it\/store\/#organization\"},\"potentialAction\":[{\"@type\":\"SearchAction\",\"target\":{\"@type\":\"EntryPoint\",\"urlTemplate\":\"https:\/\/giocareinsicurezza.com\/it\/store\/?s={search_term_string}\"},\"query-input\":{\"@type\":\"PropertyValueSpecification\",\"valueRequired\":true,\"valueName\":\"search_term_string\"}}],\"inLanguage\":\"it-IT\"},{\"@type\":\"Organization\",\"@id\":\"https:\/\/giocareinsicurezza.com\/it\/store\/#organization\",\"name\":\"Giocare in Sicurezza - Rivestimenti e protezioni antitrauma in gomma\",\"url\":\"https:\/\/giocareinsicurezza.com\/it\/store\/\",\"logo\":{\"@type\":\"ImageObject\",\"inLanguage\":\"it-IT\",\"@id\":\"https:\/\/giocareinsicurezza.com\/it\/store\/#\/schema\/logo\/image\/\",\"url\":\"https:\/\/giocareinsicurezza.com\/it\/store\/wp-content\/uploads\/2020\/05\/cropped-logo-giocareinsicurezza-1.png\",\"contentUrl\":\"https:\/\/giocareinsicurezza.com\/it\/store\/wp-content\/uploads\/2020\/05\/cropped-logo-giocareinsicurezza-1.png\",\"width\":225,\"height\":73,\"caption\":\"Giocare in Sicurezza - Rivestimenti e protezioni antitrauma in gomma\"},\"image\":{\"@id\":\"https:\/\/giocareinsicurezza.com\/it\/store\/#\/schema\/logo\/image\/\"}}]}<\/script>\n<!-- \/ Yoast SEO plugin. -->","yoast_head_json":{"title":"Protezioni pilastri con rivestimento aderente e avvolgente","description":"Vendita online della morbida e soffice rivestimento aderente di protezione avvolgente e su misura TecnoSoft ideale per pilastri a sezione quadrata \/ rettangolare.","robots":{"index":"index","follow":"follow","max-snippet":"max-snippet:-1","max-image-preview":"max-image-preview:large","max-video-preview":"max-video-preview:-1"},"canonical":"https:\/\/giocareinsicurezza.com\/it\/store\/prezzi-offerte\/protezione-pilastro-tecnosoft\/","og_locale":"it_IT","og_type":"article","og_title":"Protezioni pilastri con rivestimento aderente e avvolgente","og_description":"Vendita online della morbida e soffice rivestimento aderente di protezione avvolgente e su misura TecnoSoft ideale per pilastri a sezione quadrata \/ rettangolare.","og_url":"https:\/\/giocareinsicurezza.com\/it\/store\/prezzi-offerte\/protezione-pilastro-tecnosoft\/","og_site_name":"Giocare in Sicurezza - Rivestimenti e protezioni antitrauma in gomma","article_modified_time":"2023-03-19T17:08:20+00:00","og_image":[{"width":555,"height":555,"url":"https:\/\/giocareinsicurezza.com\/it\/store\/wp-content\/uploads\/2018\/09\/protezione-pilastro-cemento.jpg","type":"image\/jpeg"}],"twitter_card":"summary_large_image","twitter_misc":{"Tempo di lettura stimato":"2 minuti"},"schema":{"@context":"https:\/\/schema.org","@graph":[{"@type":"WebPage","@id":"https:\/\/giocareinsicurezza.com\/it\/store\/prezzi-offerte\/protezione-pilastro-tecnosoft\/","url":"https:\/\/giocareinsicurezza.com\/it\/store\/prezzi-offerte\/protezione-pilastro-tecnosoft\/","name":"Protezioni pilastri con rivestimento aderente e avvolgente","isPartOf":{"@id":"https:\/\/giocareinsicurezza.com\/it\/store\/#website"},"primaryImageOfPage":{"@id":"https:\/\/giocareinsicurezza.com\/it\/store\/prezzi-offerte\/protezione-pilastro-tecnosoft\/#primaryimage"},"image":{"@id":"https:\/\/giocareinsicurezza.com\/it\/store\/prezzi-offerte\/protezione-pilastro-tecnosoft\/#primaryimage"},"thumbnailUrl":"https:\/\/giocareinsicurezza.com\/it\/store\/wp-content\/uploads\/2018\/09\/protezione-pilastro-cemento.jpg","datePublished":"2020-05-03T09:17:12+00:00","dateModified":"2023-03-19T17:08:20+00:00","description":"Vendita online della morbida e soffice rivestimento aderente di protezione avvolgente e su misura TecnoSoft ideale per pilastri a sezione quadrata \/ rettangolare.","breadcrumb":{"@id":"https:\/\/giocareinsicurezza.com\/it\/store\/prezzi-offerte\/protezione-pilastro-tecnosoft\/#breadcrumb"},"inLanguage":"it-IT","potentialAction":[{"@type":"ReadAction","target":["https:\/\/giocareinsicurezza.com\/it\/store\/prezzi-offerte\/protezione-pilastro-tecnosoft\/"]}]},{"@type":"ImageObject","inLanguage":"it-IT","@id":"https:\/\/giocareinsicurezza.com\/it\/store\/prezzi-offerte\/protezione-pilastro-tecnosoft\/#primaryimage","url":"https:\/\/giocareinsicurezza.com\/it\/store\/wp-content\/uploads\/2018\/09\/protezione-pilastro-cemento.jpg","contentUrl":"https:\/\/giocareinsicurezza.com\/it\/store\/wp-content\/uploads\/2018\/09\/protezione-pilastro-cemento.jpg","width":555,"height":555,"caption":"Protezione per pilastro cemento"},{"@type":"BreadcrumbList","@id":"https:\/\/giocareinsicurezza.com\/it\/store\/prezzi-offerte\/protezione-pilastro-tecnosoft\/#breadcrumb","itemListElement":[{"@type":"ListItem","position":1,"name":"Home","item":"https:\/\/giocareinsicurezza.com\/it\/store\/"},{"@type":"ListItem","position":2,"name":"Shop","item":"https:\/\/giocareinsicurezza.com\/it\/store\/shop\/"},{"@type":"ListItem","position":3,"name":"Protezione per pilastro TecnoSoft"}]},{"@type":"WebSite","@id":"https:\/\/giocareinsicurezza.com\/it\/store\/#website","url":"https:\/\/giocareinsicurezza.com\/it\/store\/","name":"Giocare in Sicurezza - Rivestimenti e protezioni antitrauma in gomma","description":"Vendita online di rivestimenti di protezione antitrauma su misura in gomma o gommapiuma per la scuola ed ambienti sportivi","publisher":{"@id":"https:\/\/giocareinsicurezza.com\/it\/store\/#organization"},"potentialAction":[{"@type":"SearchAction","target":{"@type":"EntryPoint","urlTemplate":"https:\/\/giocareinsicurezza.com\/it\/store\/?s={search_term_string}"},"query-input":{"@type":"PropertyValueSpecification","valueRequired":true,"valueName":"search_term_string"}}],"inLanguage":"it-IT"},{"@type":"Organization","@id":"https:\/\/giocareinsicurezza.com\/it\/store\/#organization","name":"Giocare in Sicurezza - Rivestimenti e protezioni antitrauma in gomma","url":"https:\/\/giocareinsicurezza.com\/it\/store\/","logo":{"@type":"ImageObject","inLanguage":"it-IT","@id":"https:\/\/giocareinsicurezza.com\/it\/store\/#\/schema\/logo\/image\/","url":"https:\/\/giocareinsicurezza.com\/it\/store\/wp-content\/uploads\/2020\/05\/cropped-logo-giocareinsicurezza-1.png","contentUrl":"https:\/\/giocareinsicurezza.com\/it\/store\/wp-content\/uploads\/2020\/05\/cropped-logo-giocareinsicurezza-1.png","width":225,"height":73,"caption":"Giocare in Sicurezza - Rivestimenti e protezioni antitrauma in gomma"},"image":{"@id":"https:\/\/giocareinsicurezza.com\/it\/store\/#\/schema\/logo\/image\/"}}]}},"_links":{"self":[{"href":"https:\/\/giocareinsicurezza.com\/it\/store\/wp-json\/wp\/v2\/product\/6236","targetHints":{"allow":["GET"]}}],"collection":[{"href":"https:\/\/giocareinsicurezza.com\/it\/store\/wp-json\/wp\/v2\/product"}],"about":[{"href":"https:\/\/giocareinsicurezza.com\/it\/store\/wp-json\/wp\/v2\/types\/product"}],"replies":[{"embeddable":true,"href":"https:\/\/giocareinsicurezza.com\/it\/store\/wp-json\/wp\/v2\/comments?post=6236"}],"wp:featuredmedia":[{"embeddable":true,"href":"https:\/\/giocareinsicurezza.com\/it\/store\/wp-json\/wp\/v2\/media\/4557"}],"wp:attachment":[{"href":"https:\/\/giocareinsicurezza.com\/it\/store\/wp-json\/wp\/v2\/media?parent=6236"}],"wp:term":[{"taxonomy":"product_cat","embeddable":true,"href":"https:\/\/giocareinsicurezza.com\/it\/store\/wp-json\/wp\/v2\/product_cat?post=6236"},{"taxonomy":"product_tag","embeddable":true,"href":"https:\/\/giocareinsicurezza.com\/it\/store\/wp-json\/wp\/v2\/product_tag?post=6236"}],"curies":[{"name":"wp","href":"https:\/\/api.w.org\/{rel}","templated":true}]}}