{"id":4915,"date":"2016-05-16T15:42:31","date_gmt":"2016-05-16T15:42:31","guid":{"rendered":"http:\/\/www.giocareinsicurezza.com\/it\/?page_id=4915"},"modified":"2022-01-15T18:25:28","modified_gmt":"2022-01-15T17:25:28","slug":"condizioni-uso","status":"publish","type":"page","link":"https:\/\/giocareinsicurezza.com\/it\/condizioni-uso\/","title":{"rendered":"Condizioni d&#8217;uso"},"content":{"rendered":"<div class='grid_row clearfix'><div class='grid_col grid_col_12'><div class='ce clearfix'><div>\n<h2>L&#8217;ORDINE SI RIFERISCE AGLI ARTICOLI SELEZIONATI<\/h2>\n<p>Quelle che seguono sono le condizioni che regolano la vendita dei nostri articoli.<br \/>\nCi riserviamo il diritto di variare le condizioni di vendita.<br \/>\nLe eventuali nuove regole saranno efficaci dal momento in cui saranno pubblicate sul nostro sito e si riferiranno alle vendite effettuate da quel momento.<br \/>\nTi invitiamo quindi a leggere con attenzione queste condizioni ogni volta che acquisti qualcosa da noi.<\/p>\n<hr \/>\n<h2>CONDIZIONI DI PAGAMENTO<\/h2>\n<p>Sta a te scegliere tra le condizioni di pagamento e di consegna disponibili sul nostro sito.<br \/>\n\u00c8 nostra cura offrirti quante pi\u00f9 opzioni \u00e8 possibile, ma non sono consentiti metodi di pagamento o di consegna diversi da quelli che trovi indicati.<br \/>\nGli articoli sono venduti ai prezzi che trovi indicati nel sito sino a quando non sono modificati.<\/p>\n<hr \/>\n<h2>ACCETTAZIONE DEGLI ORDINI<\/h2>\n<p>Per poter effettuare un ordine occorre essere maggiorenni.<br \/>\nGli ordini che ci invii saranno vincolanti per noi solo se ricevi da parte nostra conferma via E-Mail che l&#8217;intero processo di ordine \u00e8 stato completato regolarmente, il pagamento \u00e8 stato autorizzato e gli articoli sono disponibili.<br \/>\nStampa l&#8217;E-Mail e conservala.<br \/>\nSe non ricevi l&#8217;E-Mail di conferma, per favore, contattaci.<br \/>\nNessuna delle informazioni contenute nel nostro sito pu\u00f2 essere considerata come offerta ma costituisce un invito ad offrire.<\/p>\n<hr \/>\n<h2>TERMINI DI CONSEGNA<\/h2>\n<p>Ci impegniamo a consegnare al vettore gli articoli che hai ordinato, con la massima celerit\u00e0 possibile.<br \/>\nIl trasporto \u00e8 a tuo carico secondo le modalit\u00e0 di consegna che hai scelto.<br \/>\nI termini di consegna che ci aspettiamo essere normalmente necessari per farti recapitare gli articoli che hai ordinato sono di 3\/5 giorni lavorativi dalla data di invio del tuo ordine ad esclusione dei prodotti che dovranno subire lavorazioni personalizzate (10\/15gg lavorativi).<br \/>\nNoi faremo del nostro meglio per farti ricevere gli articoli entro quel termine, ma non potremo essere ritenuti responsabili per un eventuale ritardo occorso durante il trasporto o di spedizione del tuo ordine.<br \/>\nN.B. La merce viaggia sotto la responsabilit\u00e0 del destinatario, controlla al momento della consegna l\u2019integrit\u00e0 dei colli.<\/p>\n<hr \/>\n<h2>GARANZIA ED ASSISTENZA<\/h2>\n<p>Tutti i prodotti venduti da <strong>Giocareinsicurezza.com<\/strong>\u00a0sono coperti da garanzia convenzionale del costruttore\/fornitore e dalla <strong>garanzia di 30 giorni per difetti di conformit\u00e0<\/strong>, ai sensi del DL 24\/02.<br \/>\nLa garanzia convenzionale del produttore viene eventualmente fornita secondo le modalit\u00e0 illustrate nella documentazione presente all\u2019interno della confezione del prodotto.<br \/>\nLa <strong>garanzia di 30 giorni<\/strong> ai sensi del DL 24\/02 si applica al prodotto che presenti un difetto di conformit\u00e0, purch\u00e9 il prodotto stesso sia utilizzato correttamente, nel rispetto della sua destinazione d\u2019uso e di quanto previsto nella documentazione tecnica allegata.<br \/>\n<strong>Riscontrando un difetto negli articoli, il cliente deve provvedere a darcene notizia al pi\u00f9 presto, e comunque entro otto giorni, mediante l&#8217;invio di lettera raccomandata con avviso di ricevimento.<\/strong><br \/>\nGarantiamo che gli articoli sono conformi alle norme italiane e dell&#8217;Unione europea (Ue) ad essi applicabili.<\/p>\n<hr \/>\n<h2>DIRITTO DI RECESSO<\/h2>\n<p><strong>Per esercitare tale diritto il cliente dovr\u00e0 inviare una comunicazione entro 10 giorni lavorativi dalla data di consegna della merce.<\/strong><br \/>\nTale comunicazione dovr\u00e0 essere inviata a mezzo lettera raccomandata con ricevuta di ritorno indirizzata a:<\/p>\n<p><strong>Cazzaro Group Srl<\/strong><br \/>\nPiazza della Repubblica 19, 20124 Milano &#8211; P.iva\u00a012182930961<br \/>\n<strong>Tel.\u00a0800.960.801<\/strong><\/p>\n<p>\u2022Il bene acquistato dovr\u00e0 essere integro e restituito nella confezione originale, completa in tutte le sue parti (comprese imballo ed eventuale documentazione e dotazione accessoria: manuali, ecc.); per limitare danneggiamenti alla confezione originale, raccomandiamo, quando possibile, di inserirla in una seconda scatola, va comunque evitata in tutti i casi l\u2019apposizione di etichette o nastri adesivi direttamente sulla confezione originale del prodotto;<br \/>\n\u2022La spedizione, fino all\u2019attestato di avvenuto ricevimento nel nostro magazzino, \u00e8 sotto la completa responsabilit\u00e0 del cliente;<br \/>\n\u2022Fatte salve eventuali spese di ripristino per danni accertati all\u2019imballo originale,\u00a0<strong>Giocareinsicurezza.com<\/strong>\u00a0provveder\u00e0 a rimborsare al cliente l\u2019intero importo gi\u00e0 pagato, entro 14 giorni dal rientro della merce, tramite procedura di Bonifico Bancario, sar\u00e0 cura del cliente fornire tempestivamente le coordinate bancarie sulle quali ottenere il rimborso (Cod. ABI \u2013 CAB &#8211; Conto Corrente &#8211; IBAN dell\u2019intestatario della fattura).<br \/>\nIl diritto di recesso decade totalmente, per mancanza della condizione essenziale di integrit\u00e0 del bene (confezione e\/o suo contenuto), nei casi in cui\u00a0<strong>Giocareinsicurezza.com<\/strong> accerti:<br \/>\n\u2022Utilizzo anche parziale del bene e di eventuali materiali di consumo;<br \/>\n\u2022La mancanza della confezione esterna e\/o dell\u2019imballo interno originale;<br \/>\n\u2022L\u2019assenza di elementi integranti del prodotto (accessori, manuali, parti,\u2026);<br \/>\n\u2022Il danneggiamento del prodotto per cause diverse dal suo trasporto<br \/>\nNei casi sopra indicati,\u00a0<strong>Giocareinsicurezza.com\u00a0<\/strong>provveder\u00e0 a <strong>restituire al mittente il bene acquistato, addebitando allo stesso le spese di spedizione.<\/strong><\/p>\n<hr \/>\n<h2>LEGGE APPLICABILE<\/h2>\n<p>Tutti i contratti conclusi con noi si intendono perfezionati in Italia e sono sottoposti alla legge italiana.<br \/>\nSe sei d&#8217;accordo ed intendi concludere il contratto continua nella transazione via Internet, cliccando su <strong>&#8220;conferma ordine&#8221;<\/strong>.<\/p>\n<hr \/>\n<h2>RISOLUZIONE ONLINE DELLE CONTROVERSIE PER I CONSUMATORI<\/h2>\n<p>Il consumatore residente in Europa deve essere a conoscenza del fatto che la Commissione Europea ha istituito una piattaforma online che fornisce uno strumento di risoluzione alternativa delle controversie. Tale strumento pu\u00f2 essere utilizzato dal consumatore europeo per risolvere in via non giudiziale ogni controversia relativa a e\/o derivante da contratti di vendita di beni e servizi stipulati in rete. Di conseguenza, se sei un consumatore europeo, puoi usare tale piattaforma per la risoluzione di ogni disputa nascente dal contratto online stipulato con il Titolare. La piattaforma \u00e8 disponibile al seguente link\u00a0http:\/\/ec.europa.eu\/consumers\/odr\/. Il Titolare \u00e8 disponibile a rispondere ad ogni quesito inoltrato via email all\u2019indirizzo email pubblicato nel presente documento.<\/p>\n<\/div><\/div><\/div><\/div>\n","protected":false},"excerpt":{"rendered":"","protected":false},"author":1,"featured_media":0,"parent":0,"menu_order":0,"comment_status":"closed","ping_status":"closed","template":"","meta":{"footnotes":""},"class_list":["post-4915","page","type-page","status-publish","hentry"],"yoast_head":"<!-- This site is optimized with the Yoast SEO plugin v23.4 - https:\/\/yoast.com\/wordpress\/plugins\/seo\/ -->\n<title>Condizioni d&#039;uso<\/title>\n<meta name=\"robots\" content=\"noindex, nofollow\" \/>\n<meta property=\"og:locale\" content=\"it_IT\" \/>\n<meta property=\"og:type\" content=\"article\" \/>\n<meta property=\"og:title\" content=\"Condizioni d&#039;uso\" \/>\n<meta property=\"og:url\" content=\"https:\/\/giocareinsicurezza.com\/it\/condizioni-uso\/\" \/>\n<meta property=\"og:site_name\" content=\"Rivestimenti protettivi in gomma morbida antitrauma\" \/>\n<meta property=\"article:modified_time\" content=\"2022-01-15T17:25:28+00:00\" \/>\n<meta name=\"twitter:card\" content=\"summary_large_image\" \/>\n<meta name=\"twitter:label1\" content=\"Tempo di lettura stimato\" \/>\n\t<meta name=\"twitter:data1\" content=\"5 minuti\" \/>\n<script type=\"application\/ld+json\" class=\"yoast-schema-graph\">{\"@context\":\"https:\/\/schema.org\",\"@graph\":[{\"@type\":\"WebPage\",\"@id\":\"https:\/\/giocareinsicurezza.com\/it\/condizioni-uso\/\",\"url\":\"https:\/\/giocareinsicurezza.com\/it\/condizioni-uso\/\",\"name\":\"Condizioni d'uso\",\"isPartOf\":{\"@id\":\"https:\/\/giocareinsicurezza.com\/it\/#website\"},\"datePublished\":\"2016-05-16T15:42:31+00:00\",\"dateModified\":\"2022-01-15T17:25:28+00:00\",\"breadcrumb\":{\"@id\":\"https:\/\/giocareinsicurezza.com\/it\/condizioni-uso\/#breadcrumb\"},\"inLanguage\":\"it-IT\",\"potentialAction\":[{\"@type\":\"ReadAction\",\"target\":[\"https:\/\/giocareinsicurezza.com\/it\/condizioni-uso\/\"]}]},{\"@type\":\"BreadcrumbList\",\"@id\":\"https:\/\/giocareinsicurezza.com\/it\/condizioni-uso\/#breadcrumb\",\"itemListElement\":[{\"@type\":\"ListItem\",\"position\":1,\"name\":\"Home\",\"item\":\"https:\/\/giocareinsicurezza.com\/it\/\"},{\"@type\":\"ListItem\",\"position\":2,\"name\":\"Condizioni d&#8217;uso\"}]},{\"@type\":\"WebSite\",\"@id\":\"https:\/\/giocareinsicurezza.com\/it\/#website\",\"url\":\"https:\/\/giocareinsicurezza.com\/it\/\",\"name\":\"Rivestimenti protettivi in gomma morbida antitrauma\",\"description\":\"Produttore e fornitore di prodotti selezionati per la scuola e sicurezza del bambino\",\"publisher\":{\"@id\":\"https:\/\/giocareinsicurezza.com\/it\/#organization\"},\"potentialAction\":[{\"@type\":\"SearchAction\",\"target\":{\"@type\":\"EntryPoint\",\"urlTemplate\":\"https:\/\/giocareinsicurezza.com\/it\/?s={search_term_string}\"},\"query-input\":{\"@type\":\"PropertyValueSpecification\",\"valueRequired\":true,\"valueName\":\"search_term_string\"}}],\"inLanguage\":\"it-IT\"},{\"@type\":\"Organization\",\"@id\":\"https:\/\/giocareinsicurezza.com\/it\/#organization\",\"name\":\"Giocare in Sicurezza\",\"url\":\"https:\/\/giocareinsicurezza.com\/it\/\",\"logo\":{\"@type\":\"ImageObject\",\"inLanguage\":\"it-IT\",\"@id\":\"https:\/\/giocareinsicurezza.com\/it\/#\/schema\/logo\/image\/\",\"url\":\"https:\/\/giocareinsicurezza.com\/it\/wp-content\/uploads\/2017\/02\/logo-giocare-sicurezza.png\",\"contentUrl\":\"https:\/\/giocareinsicurezza.com\/it\/wp-content\/uploads\/2017\/02\/logo-giocare-sicurezza.png\",\"width\":382,\"height\":130,\"caption\":\"Giocare in Sicurezza\"},\"image\":{\"@id\":\"https:\/\/giocareinsicurezza.com\/it\/#\/schema\/logo\/image\/\"}}]}<\/script>\n<!-- \/ Yoast SEO plugin. -->","yoast_head_json":{"title":"Condizioni d'uso","robots":{"index":"noindex","follow":"nofollow"},"og_locale":"it_IT","og_type":"article","og_title":"Condizioni d'uso","og_url":"https:\/\/giocareinsicurezza.com\/it\/condizioni-uso\/","og_site_name":"Rivestimenti protettivi in gomma morbida antitrauma","article_modified_time":"2022-01-15T17:25:28+00:00","twitter_card":"summary_large_image","twitter_misc":{"Tempo di lettura stimato":"5 minuti"},"schema":{"@context":"https:\/\/schema.org","@graph":[{"@type":"WebPage","@id":"https:\/\/giocareinsicurezza.com\/it\/condizioni-uso\/","url":"https:\/\/giocareinsicurezza.com\/it\/condizioni-uso\/","name":"Condizioni d'uso","isPartOf":{"@id":"https:\/\/giocareinsicurezza.com\/it\/#website"},"datePublished":"2016-05-16T15:42:31+00:00","dateModified":"2022-01-15T17:25:28+00:00","breadcrumb":{"@id":"https:\/\/giocareinsicurezza.com\/it\/condizioni-uso\/#breadcrumb"},"inLanguage":"it-IT","potentialAction":[{"@type":"ReadAction","target":["https:\/\/giocareinsicurezza.com\/it\/condizioni-uso\/"]}]},{"@type":"BreadcrumbList","@id":"https:\/\/giocareinsicurezza.com\/it\/condizioni-uso\/#breadcrumb","itemListElement":[{"@type":"ListItem","position":1,"name":"Home","item":"https:\/\/giocareinsicurezza.com\/it\/"},{"@type":"ListItem","position":2,"name":"Condizioni d&#8217;uso"}]},{"@type":"WebSite","@id":"https:\/\/giocareinsicurezza.com\/it\/#website","url":"https:\/\/giocareinsicurezza.com\/it\/","name":"Rivestimenti protettivi in gomma morbida antitrauma","description":"Produttore e fornitore di prodotti selezionati per la scuola e sicurezza del bambino","publisher":{"@id":"https:\/\/giocareinsicurezza.com\/it\/#organization"},"potentialAction":[{"@type":"SearchAction","target":{"@type":"EntryPoint","urlTemplate":"https:\/\/giocareinsicurezza.com\/it\/?s={search_term_string}"},"query-input":{"@type":"PropertyValueSpecification","valueRequired":true,"valueName":"search_term_string"}}],"inLanguage":"it-IT"},{"@type":"Organization","@id":"https:\/\/giocareinsicurezza.com\/it\/#organization","name":"Giocare in Sicurezza","url":"https:\/\/giocareinsicurezza.com\/it\/","logo":{"@type":"ImageObject","inLanguage":"it-IT","@id":"https:\/\/giocareinsicurezza.com\/it\/#\/schema\/logo\/image\/","url":"https:\/\/giocareinsicurezza.com\/it\/wp-content\/uploads\/2017\/02\/logo-giocare-sicurezza.png","contentUrl":"https:\/\/giocareinsicurezza.com\/it\/wp-content\/uploads\/2017\/02\/logo-giocare-sicurezza.png","width":382,"height":130,"caption":"Giocare in Sicurezza"},"image":{"@id":"https:\/\/giocareinsicurezza.com\/it\/#\/schema\/logo\/image\/"}}]}},"_links":{"self":[{"href":"https:\/\/giocareinsicurezza.com\/it\/wp-json\/wp\/v2\/pages\/4915","targetHints":{"allow":["GET"]}}],"collection":[{"href":"https:\/\/giocareinsicurezza.com\/it\/wp-json\/wp\/v2\/pages"}],"about":[{"href":"https:\/\/giocareinsicurezza.com\/it\/wp-json\/wp\/v2\/types\/page"}],"author":[{"embeddable":true,"href":"https:\/\/giocareinsicurezza.com\/it\/wp-json\/wp\/v2\/users\/1"}],"replies":[{"embeddable":true,"href":"https:\/\/giocareinsicurezza.com\/it\/wp-json\/wp\/v2\/comments?post=4915"}],"version-history":[{"count":2,"href":"https:\/\/giocareinsicurezza.com\/it\/wp-json\/wp\/v2\/pages\/4915\/revisions"}],"predecessor-version":[{"id":7758,"href":"https:\/\/giocareinsicurezza.com\/it\/wp-json\/wp\/v2\/pages\/4915\/revisions\/7758"}],"wp:attachment":[{"href":"https:\/\/giocareinsicurezza.com\/it\/wp-json\/wp\/v2\/media?parent=4915"}],"curies":[{"name":"wp","href":"https:\/\/api.w.org\/{rel}","templated":true}]}}